{"id":12,"date":"2016-11-17T15:55:28","date_gmt":"2016-11-17T17:55:28","guid":{"rendered":"http:\/\/room33.com.br\/blog-novo\/?page_id=12"},"modified":"2017-02-28T18:01:38","modified_gmt":"2017-02-28T21:01:38","slug":"marketing-digital","status":"publish","type":"page","link":"https:\/\/room33.com.br\/blog\/marketing-digital\/","title":{"rendered":"MARKETING DIGITAL"},"content":{"rendered":"","protected":false},"excerpt":{"rendered":"","protected":false},"author":2,"featured_media":0,"parent":0,"menu_order":0,"comment_status":"closed","ping_status":"closed","template":"template-modules.php","meta":{"footnotes":""},"yoast_head":"<!-- This site is optimized with the Yoast SEO plugin v22.8 - https:\/\/yoast.com\/wordpress\/plugins\/seo\/ -->\n<title>MARKETING DIGITAL - Blog - Room33<\/title>\n<meta name=\"description\" content=\"Planeje estrategicamente o marketing digital da sua empresa para colocar sua marca no radar, se relacionar com seu p\u00fablico e atrair tr\u00e1fego para o seu site\" \/>\n<meta name=\"robots\" content=\"index, follow, max-snippet:-1, max-image-preview:large, max-video-preview:-1\" \/>\n<link rel=\"canonical\" href=\"https:\/\/room33.com.br\/blog\/marketing-digital\/\" \/>\n<meta property=\"og:locale\" content=\"pt_BR\" \/>\n<meta property=\"og:type\" content=\"article\" \/>\n<meta property=\"og:title\" content=\"MARKETING DIGITAL - Blog - Room33\" \/>\n<meta property=\"og:description\" content=\"Planeje estrategicamente o marketing digital da sua empresa para colocar sua marca no radar, se relacionar com seu p\u00fablico e atrair tr\u00e1fego para o seu site\" \/>\n<meta property=\"og:url\" content=\"https:\/\/room33.com.br\/blog\/marketing-digital\/\" \/>\n<meta property=\"og:site_name\" content=\"Blog - Room33\" \/>\n<meta property=\"article:publisher\" content=\"http:\/\/facebook.com\/agenciaroom33\" \/>\n<meta property=\"article:modified_time\" content=\"2017-02-28T21:01:38+00:00\" \/>\n<meta name=\"twitter:card\" content=\"summary_large_image\" \/>\n<script type=\"application\/ld+json\" class=\"yoast-schema-graph\">{\"@context\":\"https:\/\/schema.org\",\"@graph\":[{\"@type\":\"WebPage\",\"@id\":\"https:\/\/room33.com.br\/blog\/marketing-digital\/\",\"url\":\"https:\/\/room33.com.br\/blog\/marketing-digital\/\",\"name\":\"MARKETING DIGITAL - Blog - Room33\",\"isPartOf\":{\"@id\":\"https:\/\/room33.com.br\/blog\/#website\"},\"datePublished\":\"2016-11-17T17:55:28+00:00\",\"dateModified\":\"2017-02-28T21:01:38+00:00\",\"description\":\"Planeje estrategicamente o marketing digital da sua empresa para colocar sua marca no radar, se relacionar com seu p\u00fablico e atrair tr\u00e1fego para o seu site\",\"breadcrumb\":{\"@id\":\"https:\/\/room33.com.br\/blog\/marketing-digital\/#breadcrumb\"},\"inLanguage\":\"pt-BR\",\"potentialAction\":[{\"@type\":\"ReadAction\",\"target\":[\"https:\/\/room33.com.br\/blog\/marketing-digital\/\"]}]},{\"@type\":\"BreadcrumbList\",\"@id\":\"https:\/\/room33.com.br\/blog\/marketing-digital\/#breadcrumb\",\"itemListElement\":[{\"@type\":\"ListItem\",\"position\":1,\"name\":\"In\u00edcio\",\"item\":\"https:\/\/room33.com.br\/blog\/\"},{\"@type\":\"ListItem\",\"position\":2,\"name\":\"MARKETING DIGITAL\"}]},{\"@type\":\"WebSite\",\"@id\":\"https:\/\/room33.com.br\/blog\/#website\",\"url\":\"https:\/\/room33.com.br\/blog\/\",\"name\":\"Blog - Room33\",\"description\":\"Blog da ROOM33 - Marketing Digital, M\u00eddias Sociais, Gest\u00e3o de Leads, Marketing Imobili\u00e1rio\",\"potentialAction\":[{\"@type\":\"SearchAction\",\"target\":{\"@type\":\"EntryPoint\",\"urlTemplate\":\"https:\/\/room33.com.br\/blog\/?s={search_term_string}\"},\"query-input\":\"required name=search_term_string\"}],\"inLanguage\":\"pt-BR\"}]}<\/script>\n<!-- \/ Yoast SEO plugin. -->","yoast_head_json":{"title":"MARKETING DIGITAL - Blog - Room33","description":"Planeje estrategicamente o marketing digital da sua empresa para colocar sua marca no radar, se relacionar com seu p\u00fablico e atrair tr\u00e1fego para o seu site","robots":{"index":"index","follow":"follow","max-snippet":"max-snippet:-1","max-image-preview":"max-image-preview:large","max-video-preview":"max-video-preview:-1"},"canonical":"https:\/\/room33.com.br\/blog\/marketing-digital\/","og_locale":"pt_BR","og_type":"article","og_title":"MARKETING DIGITAL - Blog - Room33","og_description":"Planeje estrategicamente o marketing digital da sua empresa para colocar sua marca no radar, se relacionar com seu p\u00fablico e atrair tr\u00e1fego para o seu site","og_url":"https:\/\/room33.com.br\/blog\/marketing-digital\/","og_site_name":"Blog - Room33","article_publisher":"http:\/\/facebook.com\/agenciaroom33","article_modified_time":"2017-02-28T21:01:38+00:00","twitter_card":"summary_large_image","schema":{"@context":"https:\/\/schema.org","@graph":[{"@type":"WebPage","@id":"https:\/\/room33.com.br\/blog\/marketing-digital\/","url":"https:\/\/room33.com.br\/blog\/marketing-digital\/","name":"MARKETING DIGITAL - Blog - Room33","isPartOf":{"@id":"https:\/\/room33.com.br\/blog\/#website"},"datePublished":"2016-11-17T17:55:28+00:00","dateModified":"2017-02-28T21:01:38+00:00","description":"Planeje estrategicamente o marketing digital da sua empresa para colocar sua marca no radar, se relacionar com seu p\u00fablico e atrair tr\u00e1fego para o seu site","breadcrumb":{"@id":"https:\/\/room33.com.br\/blog\/marketing-digital\/#breadcrumb"},"inLanguage":"pt-BR","potentialAction":[{"@type":"ReadAction","target":["https:\/\/room33.com.br\/blog\/marketing-digital\/"]}]},{"@type":"BreadcrumbList","@id":"https:\/\/room33.com.br\/blog\/marketing-digital\/#breadcrumb","itemListElement":[{"@type":"ListItem","position":1,"name":"In\u00edcio","item":"https:\/\/room33.com.br\/blog\/"},{"@type":"ListItem","position":2,"name":"MARKETING DIGITAL"}]},{"@type":"WebSite","@id":"https:\/\/room33.com.br\/blog\/#website","url":"https:\/\/room33.com.br\/blog\/","name":"Blog - Room33","description":"Blog da ROOM33 - Marketing Digital, M\u00eddias Sociais, Gest\u00e3o de Leads, Marketing Imobili\u00e1rio","potentialAction":[{"@type":"SearchAction","target":{"@type":"EntryPoint","urlTemplate":"https:\/\/room33.com.br\/blog\/?s={search_term_string}"},"query-input":"required name=search_term_string"}],"inLanguage":"pt-BR"}]}},"_links":{"self":[{"href":"https:\/\/room33.com.br\/blog\/wp-json\/wp\/v2\/pages\/12"}],"collection":[{"href":"https:\/\/room33.com.br\/blog\/wp-json\/wp\/v2\/pages"}],"about":[{"href":"https:\/\/room33.com.br\/blog\/wp-json\/wp\/v2\/types\/page"}],"author":[{"embeddable":true,"href":"https:\/\/room33.com.br\/blog\/wp-json\/wp\/v2\/users\/2"}],"replies":[{"embeddable":true,"href":"https:\/\/room33.com.br\/blog\/wp-json\/wp\/v2\/comments?post=12"}],"version-history":[{"count":1,"href":"https:\/\/room33.com.br\/blog\/wp-json\/wp\/v2\/pages\/12\/revisions"}],"predecessor-version":[{"id":13,"href":"https:\/\/room33.com.br\/blog\/wp-json\/wp\/v2\/pages\/12\/revisions\/13"}],"wp:attachment":[{"href":"https:\/\/room33.com.br\/blog\/wp-json\/wp\/v2\/media?parent=12"}],"curies":[{"name":"wp","href":"https:\/\/api.w.org\/{rel}","templated":true}]}}