{"id":4,"date":"2016-11-16T18:03:38","date_gmt":"2016-11-16T20:03:38","guid":{"rendered":"http:\/\/room33.com.br\/blog-novo\/?page_id=4"},"modified":"2026-03-19T00:01:58","modified_gmt":"2026-03-19T03:01:58","slug":"marketing-digital-2","status":"publish","type":"page","link":"https:\/\/room33.com.br\/blog\/","title":{"rendered":"Home"},"content":{"rendered":"","protected":false},"excerpt":{"rendered":"","protected":false},"author":2,"featured_media":0,"parent":0,"menu_order":0,"comment_status":"closed","ping_status":"closed","template":"template-modules.php","meta":{"footnotes":""},"yoast_head":"<!-- This site is optimized with the Yoast SEO plugin v22.8 - https:\/\/yoast.com\/wordpress\/plugins\/seo\/ -->\n<title>Blog - ROOM33 - Marketing digital para atrair, se relacionar e gerar a\u00e7\u00f5es.<\/title>\n<meta name=\"description\" content=\"Marketing digital para atrair, se relacionar e gerar a\u00e7\u00f5es. Aprenda sobre gera\u00e7\u00e3o de leads, inbound marketing, gest\u00e3o de leads, m\u00eddias sociais, marketing imobili\u00e1rio e mais\" \/>\n<meta name=\"robots\" content=\"index, follow, max-snippet:-1, max-image-preview:large, max-video-preview:-1\" \/>\n<link rel=\"canonical\" href=\"https:\/\/room33.com.br\/blog\/\" \/>\n<meta property=\"og:locale\" content=\"pt_BR\" \/>\n<meta property=\"og:type\" content=\"article\" \/>\n<meta property=\"og:title\" content=\"Blog - ROOM33 - Marketing digital para atrair, se relacionar e gerar a\u00e7\u00f5es.\" \/>\n<meta property=\"og:description\" content=\"Marketing digital para atrair, se relacionar e gerar a\u00e7\u00f5es. Aprenda sobre gera\u00e7\u00e3o de leads, inbound marketing, gest\u00e3o de leads, m\u00eddias sociais, marketing imobili\u00e1rio e mais\" \/>\n<meta property=\"og:url\" content=\"https:\/\/room33.com.br\/blog\/\" \/>\n<meta property=\"og:site_name\" content=\"Blog - Room33\" \/>\n<meta property=\"article:publisher\" content=\"http:\/\/facebook.com\/agenciaroom33\" \/>\n<meta property=\"article:modified_time\" content=\"2026-03-19T03:01:58+00:00\" \/>\n<meta name=\"twitter:card\" content=\"summary_large_image\" \/>\n<script type=\"application\/ld+json\" class=\"yoast-schema-graph\">{\"@context\":\"https:\/\/schema.org\",\"@graph\":[{\"@type\":\"WebPage\",\"@id\":\"https:\/\/room33.com.br\/blog\/\",\"url\":\"https:\/\/room33.com.br\/blog\/\",\"name\":\"Blog - ROOM33 - Marketing digital para atrair, se relacionar e gerar a\u00e7\u00f5es.\",\"isPartOf\":{\"@id\":\"https:\/\/room33.com.br\/blog\/#website\"},\"datePublished\":\"2016-11-16T20:03:38+00:00\",\"dateModified\":\"2026-03-19T03:01:58+00:00\",\"description\":\"Marketing digital para atrair, se relacionar e gerar a\u00e7\u00f5es. Aprenda sobre gera\u00e7\u00e3o de leads, inbound marketing, gest\u00e3o de leads, m\u00eddias sociais, marketing imobili\u00e1rio e mais\",\"breadcrumb\":{\"@id\":\"https:\/\/room33.com.br\/blog\/#breadcrumb\"},\"inLanguage\":\"pt-BR\",\"potentialAction\":[{\"@type\":\"ReadAction\",\"target\":[\"https:\/\/room33.com.br\/blog\/\"]}]},{\"@type\":\"BreadcrumbList\",\"@id\":\"https:\/\/room33.com.br\/blog\/#breadcrumb\",\"itemListElement\":[{\"@type\":\"ListItem\",\"position\":1,\"name\":\"In\u00edcio\",\"item\":\"https:\/\/room33.com.br\/blog\/\"},{\"@type\":\"ListItem\",\"position\":2,\"name\":\"Home\"}]},{\"@type\":\"WebSite\",\"@id\":\"https:\/\/room33.com.br\/blog\/#website\",\"url\":\"https:\/\/room33.com.br\/blog\/\",\"name\":\"Blog - Room33\",\"description\":\"Blog da ROOM33 - Marketing Digital, M\u00eddias Sociais, Gest\u00e3o de Leads, Marketing Imobili\u00e1rio\",\"potentialAction\":[{\"@type\":\"SearchAction\",\"target\":{\"@type\":\"EntryPoint\",\"urlTemplate\":\"https:\/\/room33.com.br\/blog\/?s={search_term_string}\"},\"query-input\":\"required name=search_term_string\"}],\"inLanguage\":\"pt-BR\"}]}<\/script>\n<!-- \/ Yoast SEO plugin. -->","yoast_head_json":{"title":"Blog - ROOM33 - Marketing digital para atrair, se relacionar e gerar a\u00e7\u00f5es.","description":"Marketing digital para atrair, se relacionar e gerar a\u00e7\u00f5es. Aprenda sobre gera\u00e7\u00e3o de leads, inbound marketing, gest\u00e3o de leads, m\u00eddias sociais, marketing imobili\u00e1rio e mais","robots":{"index":"index","follow":"follow","max-snippet":"max-snippet:-1","max-image-preview":"max-image-preview:large","max-video-preview":"max-video-preview:-1"},"canonical":"https:\/\/room33.com.br\/blog\/","og_locale":"pt_BR","og_type":"article","og_title":"Blog - ROOM33 - Marketing digital para atrair, se relacionar e gerar a\u00e7\u00f5es.","og_description":"Marketing digital para atrair, se relacionar e gerar a\u00e7\u00f5es. Aprenda sobre gera\u00e7\u00e3o de leads, inbound marketing, gest\u00e3o de leads, m\u00eddias sociais, marketing imobili\u00e1rio e mais","og_url":"https:\/\/room33.com.br\/blog\/","og_site_name":"Blog - Room33","article_publisher":"http:\/\/facebook.com\/agenciaroom33","article_modified_time":"2026-03-19T03:01:58+00:00","twitter_card":"summary_large_image","schema":{"@context":"https:\/\/schema.org","@graph":[{"@type":"WebPage","@id":"https:\/\/room33.com.br\/blog\/","url":"https:\/\/room33.com.br\/blog\/","name":"Blog - ROOM33 - Marketing digital para atrair, se relacionar e gerar a\u00e7\u00f5es.","isPartOf":{"@id":"https:\/\/room33.com.br\/blog\/#website"},"datePublished":"2016-11-16T20:03:38+00:00","dateModified":"2026-03-19T03:01:58+00:00","description":"Marketing digital para atrair, se relacionar e gerar a\u00e7\u00f5es. Aprenda sobre gera\u00e7\u00e3o de leads, inbound marketing, gest\u00e3o de leads, m\u00eddias sociais, marketing imobili\u00e1rio e mais","breadcrumb":{"@id":"https:\/\/room33.com.br\/blog\/#breadcrumb"},"inLanguage":"pt-BR","potentialAction":[{"@type":"ReadAction","target":["https:\/\/room33.com.br\/blog\/"]}]},{"@type":"BreadcrumbList","@id":"https:\/\/room33.com.br\/blog\/#breadcrumb","itemListElement":[{"@type":"ListItem","position":1,"name":"In\u00edcio","item":"https:\/\/room33.com.br\/blog\/"},{"@type":"ListItem","position":2,"name":"Home"}]},{"@type":"WebSite","@id":"https:\/\/room33.com.br\/blog\/#website","url":"https:\/\/room33.com.br\/blog\/","name":"Blog - Room33","description":"Blog da ROOM33 - Marketing Digital, M\u00eddias Sociais, Gest\u00e3o de Leads, Marketing Imobili\u00e1rio","potentialAction":[{"@type":"SearchAction","target":{"@type":"EntryPoint","urlTemplate":"https:\/\/room33.com.br\/blog\/?s={search_term_string}"},"query-input":"required name=search_term_string"}],"inLanguage":"pt-BR"}]}},"_links":{"self":[{"href":"https:\/\/room33.com.br\/blog\/wp-json\/wp\/v2\/pages\/4"}],"collection":[{"href":"https:\/\/room33.com.br\/blog\/wp-json\/wp\/v2\/pages"}],"about":[{"href":"https:\/\/room33.com.br\/blog\/wp-json\/wp\/v2\/types\/page"}],"author":[{"embeddable":true,"href":"https:\/\/room33.com.br\/blog\/wp-json\/wp\/v2\/users\/2"}],"replies":[{"embeddable":true,"href":"https:\/\/room33.com.br\/blog\/wp-json\/wp\/v2\/comments?post=4"}],"version-history":[{"count":1,"href":"https:\/\/room33.com.br\/blog\/wp-json\/wp\/v2\/pages\/4\/revisions"}],"predecessor-version":[{"id":5,"href":"https:\/\/room33.com.br\/blog\/wp-json\/wp\/v2\/pages\/4\/revisions\/5"}],"wp:attachment":[{"href":"https:\/\/room33.com.br\/blog\/wp-json\/wp\/v2\/media?parent=4"}],"curies":[{"name":"wp","href":"https:\/\/api.w.org\/{rel}","templated":true}]}}